{"id":590,"date":"2024-05-30T14:08:01","date_gmt":"2024-05-30T18:08:01","guid":{"rendered":"https:\/\/ivitalitytelehealth.com\/?page_id=590"},"modified":"2025-02-24T23:51:18","modified_gmt":"2025-02-25T04:51:18","slug":"mental-health-old","status":"publish","type":"page","link":"https:\/\/ivitalitytelehealth.com\/es\/mental-health-old\/","title":{"rendered":"Mental Health-old"},"content":{"rendered":"<div data-elementor-type=\"wp-page\" data-elementor-id=\"590\" class=\"elementor elementor-590\" data-elementor-post-type=\"page\">\n\t\t\t\t<div class=\"elementor-element elementor-element-5280c9c1 e-flex e-con-boxed e-con e-parent\" data-id=\"5280c9c1\" data-element_type=\"container\" data-e-type=\"container\" data-settings=\"{&quot;background_background&quot;:&quot;gradient&quot;,&quot;ekit_has_onepagescroll_dot&quot;:&quot;yes&quot;}\">\n\t\t\t\t\t<div class=\"e-con-inner\">\n\t\t\t\t<div class=\"elementor-element elementor-element-5a889d72 elementor-widget elementor-widget-heading\" data-id=\"5a889d72\" data-element_type=\"widget\" data-e-type=\"widget\" data-settings=\"{&quot;ekit_we_effect_on&quot;:&quot;none&quot;}\" data-widget_type=\"heading.default\">\n\t\t\t\t<div class=\"elementor-widget-container\">\n\t\t\t\t\t<h1 class=\"elementor-heading-title elementor-size-default\">Salud mental<\/h1>\t\t\t\t<\/div>\n\t\t\t\t<\/div>\n\t\t\t\t<div class=\"elementor-element elementor-element-313adcf0 elementor-widget elementor-widget-text-editor\" data-id=\"313adcf0\" data-element_type=\"widget\" data-e-type=\"widget\" data-settings=\"{&quot;ekit_we_effect_on&quot;:&quot;none&quot;}\" data-widget_type=\"text-editor.default\">\n\t\t\t\t<div class=\"elementor-widget-container\">\n\t\t\t\t\t\t\t\t\t<a href=\"https:\/\/ivitalitytelehealth.com\/es\/\">Hogar<\/a> &gt; <a href=\"https:\/\/ivitalitytelehealth.com\/es\/services\/\">Servicios<\/a> &gt; Salud Mental\t\t\t\t\t\t\t\t<\/div>\n\t\t\t\t<\/div>\n\t\t\t\t\t<\/div>\n\t\t\t\t<\/div>\n\t\t<div class=\"elementor-element elementor-element-75f91917 e-flex e-con-boxed e-con e-parent\" data-id=\"75f91917\" data-element_type=\"container\" data-e-type=\"container\" data-settings=\"{&quot;ekit_has_onepagescroll_dot&quot;:&quot;yes&quot;}\">\n\t\t\t\t\t<div class=\"e-con-inner\">\n\t\t<div class=\"elementor-element elementor-element-454a42b3 e-con-full e-flex e-con e-child\" data-id=\"454a42b3\" data-element_type=\"container\" data-e-type=\"container\" data-settings=\"{&quot;ekit_has_onepagescroll_dot&quot;:&quot;yes&quot;}\">\n\t\t<div class=\"elementor-element elementor-element-5e73f0c2 e-con-full e-flex e-con e-child\" data-id=\"5e73f0c2\" data-element_type=\"container\" data-e-type=\"container\" data-settings=\"{&quot;background_background&quot;:&quot;classic&quot;,&quot;ekit_has_onepagescroll_dot&quot;:&quot;yes&quot;}\">\n\t\t\t\t<div class=\"elementor-element elementor-element-56e610d7 elementor-widget elementor-widget-heading\" data-id=\"56e610d7\" data-element_type=\"widget\" data-e-type=\"widget\" data-settings=\"{&quot;ekit_we_effect_on&quot;:&quot;none&quot;}\" data-widget_type=\"heading.default\">\n\t\t\t\t<div class=\"elementor-widget-container\">\n\t\t\t\t\t<h3 class=\"elementor-heading-title elementor-size-default\">Servicios<\/h3>\t\t\t\t<\/div>\n\t\t\t\t<\/div>\n\t\t\t\t<div class=\"elementor-element elementor-element-2323ea20 elementor-align-justify elementor-widget elementor-widget-button\" data-id=\"2323ea20\" data-element_type=\"widget\" data-e-type=\"widget\" data-settings=\"{&quot;ekit_we_effect_on&quot;:&quot;none&quot;}\" data-widget_type=\"button.default\">\n\t\t\t\t<div class=\"elementor-widget-container\">\n\t\t\t\t\t\t\t\t\t<div class=\"elementor-button-wrapper\">\n\t\t\t\t\t<a class=\"elementor-button elementor-size-sm\" role=\"button\">\n\t\t\t\t\t\t<span class=\"elementor-button-content-wrapper\">\n\t\t\t\t\t\t\t\t\t<span class=\"elementor-button-text\">Salud mental<\/span>\n\t\t\t\t\t<\/span>\n\t\t\t\t\t<\/a>\n\t\t\t\t<\/div>\n\t\t\t\t\t\t\t\t<\/div>\n\t\t\t\t<\/div>\n\t\t\t\t<div class=\"elementor-element elementor-element-615cef94 elementor-align-justify elementor-widget elementor-widget-button\" data-id=\"615cef94\" data-element_type=\"widget\" data-e-type=\"widget\" data-settings=\"{&quot;ekit_we_effect_on&quot;:&quot;none&quot;}\" data-widget_type=\"button.default\">\n\t\t\t\t<div class=\"elementor-widget-container\">\n\t\t\t\t\t\t\t\t\t<div class=\"elementor-button-wrapper\">\n\t\t\t\t\t<a class=\"elementor-button elementor-button-link elementor-size-sm elementor-animation-grow\" href=\"\/es\/weight-loss\/\">\n\t\t\t\t\t\t<span class=\"elementor-button-content-wrapper\">\n\t\t\t\t\t\t\t\t\t<span class=\"elementor-button-text\">Manejo de la p\u00e9rdida de peso<\/span>\n\t\t\t\t\t<\/span>\n\t\t\t\t\t<\/a>\n\t\t\t\t<\/div>\n\t\t\t\t\t\t\t\t<\/div>\n\t\t\t\t<\/div>\n\t\t\t\t<div class=\"elementor-element elementor-element-5ca9dc2b elementor-align-justify elementor-widget elementor-widget-button\" data-id=\"5ca9dc2b\" data-element_type=\"widget\" data-e-type=\"widget\" data-settings=\"{&quot;ekit_we_effect_on&quot;:&quot;none&quot;}\" data-widget_type=\"button.default\">\n\t\t\t\t<div class=\"elementor-widget-container\">\n\t\t\t\t\t\t\t\t\t<div class=\"elementor-button-wrapper\">\n\t\t\t\t\t<a class=\"elementor-button elementor-button-link elementor-size-sm elementor-animation-grow\" href=\"\/es\/covid-19\/\">\n\t\t\t\t\t\t<span class=\"elementor-button-content-wrapper\">\n\t\t\t\t\t\t\t\t\t<span class=\"elementor-button-text\">Tratamiento para el COVID-19<\/span>\n\t\t\t\t\t<\/span>\n\t\t\t\t\t<\/a>\n\t\t\t\t<\/div>\n\t\t\t\t\t\t\t\t<\/div>\n\t\t\t\t<\/div>\n\t\t\t\t<div class=\"elementor-element elementor-element-5895fe67 elementor-align-justify elementor-widget elementor-widget-button\" data-id=\"5895fe67\" data-element_type=\"widget\" data-e-type=\"widget\" data-settings=\"{&quot;ekit_we_effect_on&quot;:&quot;none&quot;}\" data-widget_type=\"button.default\">\n\t\t\t\t<div class=\"elementor-widget-container\">\n\t\t\t\t\t\t\t\t\t<div class=\"elementor-button-wrapper\">\n\t\t\t\t\t<a class=\"elementor-button elementor-button-link elementor-size-sm elementor-animation-grow\" href=\"\/es\/emotional-support-animal\/\">\n\t\t\t\t\t\t<span class=\"elementor-button-content-wrapper\">\n\t\t\t\t\t\t\t\t\t<span class=\"elementor-button-text\">Animal de apoyo emocional <\/span>\n\t\t\t\t\t<\/span>\n\t\t\t\t\t<\/a>\n\t\t\t\t<\/div>\n\t\t\t\t\t\t\t\t<\/div>\n\t\t\t\t<\/div>\n\t\t\t\t<div class=\"elementor-element elementor-element-40d71ccd elementor-align-justify elementor-widget elementor-widget-button\" data-id=\"40d71ccd\" data-element_type=\"widget\" data-e-type=\"widget\" data-settings=\"{&quot;ekit_we_effect_on&quot;:&quot;none&quot;}\" data-widget_type=\"button.default\">\n\t\t\t\t<div class=\"elementor-widget-container\">\n\t\t\t\t\t\t\t\t\t<div class=\"elementor-button-wrapper\">\n\t\t\t\t\t<a class=\"elementor-button elementor-button-link elementor-size-sm elementor-animation-grow\" href=\"\/es\/travel\/\">\n\t\t\t\t\t\t<span class=\"elementor-button-content-wrapper\">\n\t\t\t\t\t\t\t\t\t<span class=\"elementor-button-text\">Viajes y medicina preventiva<\/span>\n\t\t\t\t\t<\/span>\n\t\t\t\t\t<\/a>\n\t\t\t\t<\/div>\n\t\t\t\t\t\t\t\t<\/div>\n\t\t\t\t<\/div>\n\t\t\t\t<div class=\"elementor-element elementor-element-53a5a4d elementor-align-justify elementor-widget elementor-widget-button\" data-id=\"53a5a4d\" data-element_type=\"widget\" data-e-type=\"widget\" data-settings=\"{&quot;ekit_we_effect_on&quot;:&quot;none&quot;}\" data-widget_type=\"button.default\">\n\t\t\t\t<div class=\"elementor-widget-container\">\n\t\t\t\t\t\t\t\t\t<div class=\"elementor-button-wrapper\">\n\t\t\t\t\t<a class=\"elementor-button elementor-button-link elementor-size-sm elementor-animation-grow\" href=\"https:\/\/ivitalitytelehealth.com\/es\/concierge-iv-treatments\/\">\n\t\t\t\t\t\t<span class=\"elementor-button-content-wrapper\">\n\t\t\t\t\t\t\t\t\t<span class=\"elementor-button-text\">Tratamientos Concierge IV<\/span>\n\t\t\t\t\t<\/span>\n\t\t\t\t\t<\/a>\n\t\t\t\t<\/div>\n\t\t\t\t\t\t\t\t<\/div>\n\t\t\t\t<\/div>\n\t\t\t\t<\/div>\n\t\t<div class=\"elementor-element elementor-element-1c1af535 e-flex e-con-boxed e-con e-child\" data-id=\"1c1af535\" data-element_type=\"container\" data-e-type=\"container\" data-settings=\"{&quot;background_background&quot;:&quot;classic&quot;,&quot;ekit_has_onepagescroll_dot&quot;:&quot;yes&quot;}\">\n\t\t\t\t\t<div class=\"e-con-inner\">\n\t\t\t\t<div class=\"elementor-element elementor-element-17f368c6 elementor-widget elementor-widget-heading\" data-id=\"17f368c6\" data-element_type=\"widget\" data-e-type=\"widget\" data-settings=\"{&quot;ekit_we_effect_on&quot;:&quot;none&quot;}\" data-widget_type=\"heading.default\">\n\t\t\t\t<div class=\"elementor-widget-container\">\n\t\t\t\t\t<h3 class=\"elementor-heading-title elementor-size-default\">Apoyo Integral a la Salud Mental<\/h3>\t\t\t\t<\/div>\n\t\t\t\t<\/div>\n\t\t\t\t<div class=\"elementor-element elementor-element-2164a987 elementor-widget elementor-widget-text-editor\" data-id=\"2164a987\" data-element_type=\"widget\" data-e-type=\"widget\" data-settings=\"{&quot;ekit_we_effect_on&quot;:&quot;none&quot;}\" data-widget_type=\"text-editor.default\">\n\t\t\t\t<div class=\"elementor-widget-container\">\n\t\t\t\t\t\t\t\t\t<p>Perm\u00edtanos ayudarle a lograr una mejor salud mental y bienestar. Nuestros profesionales autorizados est\u00e1n aqu\u00ed para apoyarlo con atenci\u00f3n personalizada.<\/p>\t\t\t\t\t\t\t\t<\/div>\n\t\t\t\t<\/div>\n\t\t\t\t<div class=\"elementor-element elementor-element-cc1ff8c elementor-align-center elementor-widget elementor-widget-button\" data-id=\"cc1ff8c\" data-element_type=\"widget\" data-e-type=\"widget\" data-settings=\"{&quot;ekit_we_effect_on&quot;:&quot;none&quot;}\" data-widget_type=\"button.default\">\n\t\t\t\t<div class=\"elementor-widget-container\">\n\t\t\t\t\t\t\t\t\t<div class=\"elementor-button-wrapper\">\n\t\t\t\t\t<a class=\"elementor-button elementor-button-link elementor-size-sm elementor-animation-grow\" href=\"https:\/\/drchrono.com\/scheduling\/offices\/dGhpcyBpcyAxNiBjaGFyc5h6mfnRbp48cHijRzoAJ3A=\">\n\t\t\t\t\t\t<span class=\"elementor-button-content-wrapper\">\n\t\t\t\t\t\t\t\t\t<span class=\"elementor-button-text\">Haga una cita<\/span>\n\t\t\t\t\t<\/span>\n\t\t\t\t\t<\/a>\n\t\t\t\t<\/div>\n\t\t\t\t\t\t\t\t<\/div>\n\t\t\t\t<\/div>\n\t\t\t\t\t<\/div>\n\t\t\t\t<\/div>\n\t\t\t\t<\/div>\n\t\t<div class=\"elementor-element elementor-element-57c3dce7 e-con-full e-flex e-con e-child\" data-id=\"57c3dce7\" data-element_type=\"container\" data-e-type=\"container\" data-settings=\"{&quot;ekit_has_onepagescroll_dot&quot;:&quot;yes&quot;}\">\n\t\t\t\t<div class=\"elementor-element elementor-element-49e26fd2 elementor-widget elementor-widget-heading\" data-id=\"49e26fd2\" data-element_type=\"widget\" data-e-type=\"widget\" data-settings=\"{&quot;ekit_we_effect_on&quot;:&quot;none&quot;}\" data-widget_type=\"heading.default\">\n\t\t\t\t<div class=\"elementor-widget-container\">\n\t\t\t\t\t<h3 class=\"elementor-heading-title elementor-size-default\">que hacemos <\/h3>\t\t\t\t<\/div>\n\t\t\t\t<\/div>\n\t\t\t\t<div class=\"elementor-element elementor-element-7dfff6c3 elementor-widget elementor-widget-text-editor\" data-id=\"7dfff6c3\" data-element_type=\"widget\" data-e-type=\"widget\" data-settings=\"{&quot;ekit_we_effect_on&quot;:&quot;none&quot;}\" data-widget_type=\"text-editor.default\">\n\t\t\t\t<div class=\"elementor-widget-container\">\n\t\t\t\t\t\t\t\t\t<p>En iVitality Telehealth, estamos comprometidos a brindar servicios excepcionales de salud mental a personas en Florida y Puerto Rico. Nuestro objetivo es ayudarlo a lograr un bienestar mental \u00f3ptimo a trav\u00e9s de soluciones de telesalud personalizadas, convenientes y efectivas.<\/p>\t\t\t\t\t\t\t\t<\/div>\n\t\t\t\t<\/div>\n\t\t\t\t<div class=\"elementor-element elementor-element-70544e2 elementor-widget elementor-widget-text-editor\" data-id=\"70544e2\" data-element_type=\"widget\" data-e-type=\"widget\" data-settings=\"{&quot;ekit_we_effect_on&quot;:&quot;none&quot;}\" data-widget_type=\"text-editor.default\">\n\t\t\t\t<div class=\"elementor-widget-container\">\n\t\t\t\t\t\t\t\t\t<p>Nuestros profesionales de salud mental autorizados tienen experiencia en el tratamiento de una amplia gama de afecciones, que incluyen:<\/p><ul><li><strong>Des\u00f3rdenes de ansiedad:<\/strong> Trastorno de ansiedad generalizada (TAG), trastorno de ansiedad social, trastorno de p\u00e1nico y fobias.<\/li><\/ul><ul><li><strong>Trastornos depresivos:<\/strong> Trastorno depresivo mayor, trastorno depresivo persistente (distimia) y trastorno afectivo estacional (SAD).<\/li><\/ul><ul><li><strong>Manejo del estr\u00e9s:<\/strong> T\u00e9cnicas y terapias para gestionar y reducir el estr\u00e9s.<span style=\"text-align: var(--text-align); font-family: var( --e-global-typography-text-font-family ), Sans-serif; font-size: var( --e-global-typography-text-font-size );\">\u00a0<\/span><\/li><\/ul><ul><li><strong>Trauma y trastorno de estr\u00e9s postraum\u00e1tico:<\/strong> Tratamiento para el trastorno de estr\u00e9s postraum\u00e1tico y otras afecciones relacionadas con el trauma.<\/li><\/ul><ul><li><strong>Trastorno bipolar:<\/strong> Manejo de los s\u00edntomas de los trastornos bipolar I y bipolar II.<\/li><\/ul><ul><li><strong>Trastorno Obsesivo-Compulsivo (TOC):<\/strong> Planes de tratamiento para los s\u00edntomas del TOC.<\/li><\/ul><ul><li><strong>Trastornos de la alimentaci\u00f3n:<\/strong> Apoyo y tratamiento para la anorexia, la bulimia y el trastorno por atrac\u00f3n.<\/li><\/ul><ul><li><strong>Abuso de sustancias:<\/strong> Asesoramiento y apoyo para trastornos por uso de sustancias.<\/li><\/ul>\t\t\t\t\t\t\t\t<\/div>\n\t\t\t\t<\/div>\n\t\t\t\t<div class=\"elementor-element elementor-element-2750daac elementor-widget elementor-widget-heading\" data-id=\"2750daac\" data-element_type=\"widget\" data-e-type=\"widget\" data-settings=\"{&quot;ekit_we_effect_on&quot;:&quot;none&quot;}\" data-widget_type=\"heading.default\">\n\t\t\t\t<div class=\"elementor-widget-container\">\n\t\t\t\t\t<h3 class=\"elementor-heading-title elementor-size-default\">Planes de tratamiento personalizados<\/h3>\t\t\t\t<\/div>\n\t\t\t\t<\/div>\n\t\t\t\t<div class=\"elementor-element elementor-element-c42c566 elementor-widget elementor-widget-text-editor\" data-id=\"c42c566\" data-element_type=\"widget\" data-e-type=\"widget\" data-settings=\"{&quot;ekit_we_effect_on&quot;:&quot;none&quot;}\" data-widget_type=\"text-editor.default\">\n\t\t\t\t<div class=\"elementor-widget-container\">\n\t\t\t\t\t\t\t\t\t<p>Cada individuo es \u00fanico y tambi\u00e9n lo son sus necesidades de salud mental. Creamos planes de tratamiento personalizados adaptados a su condici\u00f3n y circunstancias espec\u00edficas. Nuestro enfoque incluye:<\/p><ul><li><strong>Consulta inicial:<\/strong> Una evaluaci\u00f3n exhaustiva para comprender su historial de salud mental y sus preocupaciones actuales.<\/li><\/ul><ul><li><strong>Terapia personalizada:<\/strong> Terapias basadas en evidencia, como la terapia cognitivo-conductual (TCC), la terapia basada en la atenci\u00f3n plena y m\u00e1s.<\/li><\/ul><ul><li><strong>Manejo de Medicamentos:<\/strong> Si es necesario, nuestros profesionales autorizados pueden recetarle y administrar medicamentos para ayudarlo a controlar sus s\u00edntomas.<\/li><\/ul><ul><li><strong>Seguimientos regulares:<\/strong> Monitoreo continuo y ajustes a su plan de tratamiento para garantizar resultados \u00f3ptimos.<\/li><\/ul>\t\t\t\t\t\t\t\t<\/div>\n\t\t\t\t<\/div>\n\t\t<div class=\"elementor-element elementor-element-2a8ab438 e-con-full elementor-hidden-desktop elementor-hidden-tablet elementor-hidden-mobile e-flex e-con e-child\" data-id=\"2a8ab438\" data-element_type=\"container\" data-e-type=\"container\" data-settings=\"{&quot;background_background&quot;:&quot;classic&quot;,&quot;ekit_has_onepagescroll_dot&quot;:&quot;yes&quot;}\">\n\t\t\t\t<div class=\"elementor-element elementor-element-7dbcd18a elementor-widget-mobile__width-initial elementor-widget elementor-widget-image\" data-id=\"7dbcd18a\" data-element_type=\"widget\" data-e-type=\"widget\" data-settings=\"{&quot;ekit_we_effect_on&quot;:&quot;none&quot;}\" data-widget_type=\"image.default\">\n\t\t\t\t<div class=\"elementor-widget-container\">\n\t\t\t\t\t\t\t\t\t\t\t\t\t\t\t<img fetchpriority=\"high\" decoding=\"async\" width=\"500\" height=\"500\" src=\"https:\/\/ivitalitytelehealth.com\/wp-content\/uploads\/2024\/05\/Partner5.png\" class=\"attachment-full size-full wp-image-490\" alt=\"\" srcset=\"https:\/\/ivitalitytelehealth.com\/wp-content\/uploads\/2024\/05\/Partner5.png 500w, https:\/\/ivitalitytelehealth.com\/wp-content\/uploads\/2024\/05\/Partner5-300x300.png 300w, https:\/\/ivitalitytelehealth.com\/wp-content\/uploads\/2024\/05\/Partner5-150x150.png 150w\" sizes=\"(max-width: 500px) 100vw, 500px\" \/>\t\t\t\t\t\t\t\t\t\t\t\t\t\t\t<\/div>\n\t\t\t\t<\/div>\n\t\t\t\t<div class=\"elementor-element elementor-element-4496b935 elementor-widget-mobile__width-initial elementor-widget elementor-widget-image\" data-id=\"4496b935\" data-element_type=\"widget\" data-e-type=\"widget\" data-settings=\"{&quot;ekit_we_effect_on&quot;:&quot;none&quot;}\" data-widget_type=\"image.default\">\n\t\t\t\t<div class=\"elementor-widget-container\">\n\t\t\t\t\t\t\t\t\t\t\t\t\t\t\t<img decoding=\"async\" width=\"500\" height=\"500\" src=\"https:\/\/ivitalitytelehealth.com\/wp-content\/uploads\/2024\/05\/Partner3.png\" class=\"attachment-full size-full wp-image-491\" alt=\"\" srcset=\"https:\/\/ivitalitytelehealth.com\/wp-content\/uploads\/2024\/05\/Partner3.png 500w, https:\/\/ivitalitytelehealth.com\/wp-content\/uploads\/2024\/05\/Partner3-300x300.png 300w, https:\/\/ivitalitytelehealth.com\/wp-content\/uploads\/2024\/05\/Partner3-150x150.png 150w\" sizes=\"(max-width: 500px) 100vw, 500px\" \/>\t\t\t\t\t\t\t\t\t\t\t\t\t\t\t<\/div>\n\t\t\t\t<\/div>\n\t\t\t\t<div class=\"elementor-element elementor-element-2f60b2c3 elementor-widget-mobile__width-initial elementor-widget elementor-widget-image\" data-id=\"2f60b2c3\" data-element_type=\"widget\" data-e-type=\"widget\" data-settings=\"{&quot;ekit_we_effect_on&quot;:&quot;none&quot;}\" data-widget_type=\"image.default\">\n\t\t\t\t<div class=\"elementor-widget-container\">\n\t\t\t\t\t\t\t\t\t\t\t\t\t\t\t<img decoding=\"async\" width=\"500\" height=\"500\" src=\"https:\/\/ivitalitytelehealth.com\/wp-content\/uploads\/2024\/05\/Partner4.png\" class=\"attachment-full size-full wp-image-492\" alt=\"\" srcset=\"https:\/\/ivitalitytelehealth.com\/wp-content\/uploads\/2024\/05\/Partner4.png 500w, https:\/\/ivitalitytelehealth.com\/wp-content\/uploads\/2024\/05\/Partner4-300x300.png 300w, https:\/\/ivitalitytelehealth.com\/wp-content\/uploads\/2024\/05\/Partner4-150x150.png 150w\" sizes=\"(max-width: 500px) 100vw, 500px\" \/>\t\t\t\t\t\t\t\t\t\t\t\t\t\t\t<\/div>\n\t\t\t\t<\/div>\n\t\t\t\t<div class=\"elementor-element elementor-element-7ba0fea6 elementor-widget-mobile__width-initial elementor-widget elementor-widget-image\" data-id=\"7ba0fea6\" data-element_type=\"widget\" data-e-type=\"widget\" data-settings=\"{&quot;ekit_we_effect_on&quot;:&quot;none&quot;}\" data-widget_type=\"image.default\">\n\t\t\t\t<div class=\"elementor-widget-container\">\n\t\t\t\t\t\t\t\t\t\t\t\t\t\t\t<img loading=\"lazy\" decoding=\"async\" width=\"500\" height=\"500\" src=\"https:\/\/ivitalitytelehealth.com\/wp-content\/uploads\/2024\/05\/Partner1.png\" class=\"attachment-full size-full wp-image-493\" alt=\"\" srcset=\"https:\/\/ivitalitytelehealth.com\/wp-content\/uploads\/2024\/05\/Partner1.png 500w, https:\/\/ivitalitytelehealth.com\/wp-content\/uploads\/2024\/05\/Partner1-300x300.png 300w, https:\/\/ivitalitytelehealth.com\/wp-content\/uploads\/2024\/05\/Partner1-150x150.png 150w\" sizes=\"(max-width: 500px) 100vw, 500px\" \/>\t\t\t\t\t\t\t\t\t\t\t\t\t\t\t<\/div>\n\t\t\t\t<\/div>\n\t\t\t\t<div class=\"elementor-element elementor-element-4de1b67c elementor-widget elementor-widget-image\" data-id=\"4de1b67c\" data-element_type=\"widget\" data-e-type=\"widget\" data-settings=\"{&quot;ekit_we_effect_on&quot;:&quot;none&quot;}\" data-widget_type=\"image.default\">\n\t\t\t\t<div class=\"elementor-widget-container\">\n\t\t\t\t\t\t\t\t\t\t\t\t\t\t\t<img loading=\"lazy\" decoding=\"async\" width=\"500\" height=\"500\" src=\"https:\/\/ivitalitytelehealth.com\/wp-content\/uploads\/2024\/05\/Partner2.png\" class=\"attachment-full size-full wp-image-494\" alt=\"\" srcset=\"https:\/\/ivitalitytelehealth.com\/wp-content\/uploads\/2024\/05\/Partner2.png 500w, https:\/\/ivitalitytelehealth.com\/wp-content\/uploads\/2024\/05\/Partner2-300x300.png 300w, https:\/\/ivitalitytelehealth.com\/wp-content\/uploads\/2024\/05\/Partner2-150x150.png 150w\" sizes=\"(max-width: 500px) 100vw, 500px\" \/>\t\t\t\t\t\t\t\t\t\t\t\t\t\t\t<\/div>\n\t\t\t\t<\/div>\n\t\t\t\t<\/div>\n\t\t\t\t<\/div>\n\t\t\t\t\t<\/div>\n\t\t\t\t<\/div>\n\t\t\t\t<\/div>","protected":false},"excerpt":{"rendered":"<p>Mental Health Home &gt; Services &gt; Mental Health Services Mental Health Weight Loss Management COVID-19 Treatment Emotional Support Animal Travel &#038; Preventive Medicine Concierge IV Treatments Comprehensive Mental Health Support Let us help you achieve better mental health and well-being. Our licensed professionals are here to support you with personalized care. Make an appointment what [&hellip;]<\/p>\n","protected":false},"author":2,"featured_media":0,"parent":0,"menu_order":0,"comment_status":"closed","ping_status":"closed","template":"elementor_header_footer","meta":{"content-type":"","footnotes":""},"class_list":["post-590","page","type-page","status-publish","hentry"],"_links":{"self":[{"href":"https:\/\/ivitalitytelehealth.com\/es\/wp-json\/wp\/v2\/pages\/590","targetHints":{"allow":["GET"]}}],"collection":[{"href":"https:\/\/ivitalitytelehealth.com\/es\/wp-json\/wp\/v2\/pages"}],"about":[{"href":"https:\/\/ivitalitytelehealth.com\/es\/wp-json\/wp\/v2\/types\/page"}],"author":[{"embeddable":true,"href":"https:\/\/ivitalitytelehealth.com\/es\/wp-json\/wp\/v2\/users\/2"}],"replies":[{"embeddable":true,"href":"https:\/\/ivitalitytelehealth.com\/es\/wp-json\/wp\/v2\/comments?post=590"}],"version-history":[{"count":41,"href":"https:\/\/ivitalitytelehealth.com\/es\/wp-json\/wp\/v2\/pages\/590\/revisions"}],"predecessor-version":[{"id":1215,"href":"https:\/\/ivitalitytelehealth.com\/es\/wp-json\/wp\/v2\/pages\/590\/revisions\/1215"}],"wp:attachment":[{"href":"https:\/\/ivitalitytelehealth.com\/es\/wp-json\/wp\/v2\/media?parent=590"}],"curies":[{"name":"gracias","href":"https:\/\/api.w.org\/{rel}","templated":true}]}}