{"id":1296,"date":"2025-02-25T07:55:34","date_gmt":"2025-02-25T12:55:34","guid":{"rendered":"https:\/\/ivitalitytelehealth.com\/?page_id=1296"},"modified":"2025-02-25T07:58:50","modified_gmt":"2025-02-25T12:58:50","slug":"privacy-policy","status":"publish","type":"page","link":"https:\/\/ivitalitytelehealth.com\/es\/privacy-policy\/","title":{"rendered":"pol\u00edtica de privacidad"},"content":{"rendered":"<div data-elementor-type=\"wp-page\" data-elementor-id=\"1296\" class=\"elementor elementor-1296\" data-elementor-post-type=\"page\">\n\t\t\t\t<div class=\"elementor-element elementor-element-49022b0 e-flex e-con-boxed e-con e-parent\" data-id=\"49022b0\" data-element_type=\"container\" data-e-type=\"container\" data-settings=\"{&quot;ekit_has_onepagescroll_dot&quot;:&quot;yes&quot;}\">\n\t\t\t\t\t<div class=\"e-con-inner\">\n\t\t\t\t<div class=\"elementor-element elementor-element-630f06a3 elementor-widget elementor-widget-text-editor\" data-id=\"630f06a3\" data-element_type=\"widget\" data-e-type=\"widget\" data-settings=\"{&quot;ekit_we_effect_on&quot;:&quot;none&quot;}\" data-widget_type=\"text-editor.default\">\n\t\t\t\t<div class=\"elementor-widget-container\">\n\t\t\t\t\t\t\t\t\t\n<h2 class=\"wp-block-heading\">pol\u00edtica de privacidad<\/h2>\n\n<p><strong>Fecha de vigencia: <\/strong>02\/25\/25<\/p>\n\n<p><strong>\u00daltima actualizaci\u00f3n: <\/strong>02\/25\/25<\/p>\n\n<p><strong>1. Introducci\u00f3n<\/strong><\/p>\n\n<p>En <strong>Telesalud iVitality<\/strong>Respetamos su privacidad y nos comprometemos a proteger su informaci\u00f3n. Esta Pol\u00edtica de privacidad describe c\u00f3mo recopilamos, usamos y salvaguardamos los datos cuando interact\u00faa con nuestro sitio web y nuestros servicios.<\/p>\n\n<p><strong>2. Informaci\u00f3n que recopilamos<\/strong><\/p>\n\n<p>Es posible que recopilemos informaci\u00f3n limitada cuando visite nuestro sitio web, como:<\/p>\n\n<p>\u2714 Datos de contacto b\u00e1sicos si se comunica a trav\u00e9s de nuestro formulario de contacto<\/p>\n\n<p>\u2714 Datos de uso del sitio web a trav\u00e9s de cookies y an\u00e1lisis<\/p>\n\n<p><strong>3. C\u00f3mo utilizamos su informaci\u00f3n<\/strong><\/p>\n\n<p>Su informaci\u00f3n se utiliza para:<\/p>\n\n<p>\u2714 Mejorar la funcionalidad y la experiencia del usuario de nuestro sitio web<\/p>\n\n<p>\u2714 Responder consultas y brindar asistencia al cliente.<\/p>\n\n<p><strong>4. Seguridad de los datos<\/strong><\/p>\n\n<p>Implementamos medidas de seguridad est\u00e1ndar de la industria para proteger cualquier informaci\u00f3n compartida con nosotros.<\/p>\n\n<p><strong>5. Cookies y seguimiento<\/strong><\/p>\n\n<p>Nuestro sitio web puede utilizar cookies para mejorar la experiencia del usuario. Puede desactivar las cookies en la configuraci\u00f3n de su navegador.<\/p>\n\n<p><strong>6. Cambios a esta Pol\u00edtica de Privacidad<\/strong><\/p>\n\n<p>Es posible que actualicemos esta pol\u00edtica peri\u00f3dicamente. La versi\u00f3n m\u00e1s reciente siempre se publicar\u00e1 en esta p\u00e1gina.<\/p>\n\n<p><strong>7. Cont\u00e1ctenos<\/strong><\/p>\n\n<p>Si tiene preguntas sobre esta pol\u00edtica, comun\u00edquese con nosotros:<\/p>\n\n<p>\ud83d\udce7 <strong>info@ivitalitytelehealth.com<\/strong><\/p>\n\n<p>\ud83d\udcde <strong>+1-407-494-5552<\/strong><\/p>\n\t\t\t\t\t\t\t\t<\/div>\n\t\t\t\t<\/div>\n\t\t\t\t\t<\/div>\n\t\t\t\t<\/div>\n\t\t\t\t<\/div>","protected":false},"excerpt":{"rendered":"<p>Privacy Policy Effective Date: 02\/25\/25 Last Updated: 02\/25\/25 1. Introduction At iVitality Telehealth, we respect your privacy and are committed to protecting your information. This Privacy Policy outlines how we collect, use, and safeguard data when you interact with our website and services. 2. Information We Collect We may collect limited information when you visit [&hellip;]<\/p>\n","protected":false},"author":2,"featured_media":0,"parent":0,"menu_order":0,"comment_status":"closed","ping_status":"closed","template":"elementor_header_footer","meta":{"content-type":"","footnotes":""},"class_list":["post-1296","page","type-page","status-publish","hentry"],"_links":{"self":[{"href":"https:\/\/ivitalitytelehealth.com\/es\/wp-json\/wp\/v2\/pages\/1296","targetHints":{"allow":["GET"]}}],"collection":[{"href":"https:\/\/ivitalitytelehealth.com\/es\/wp-json\/wp\/v2\/pages"}],"about":[{"href":"https:\/\/ivitalitytelehealth.com\/es\/wp-json\/wp\/v2\/types\/page"}],"author":[{"embeddable":true,"href":"https:\/\/ivitalitytelehealth.com\/es\/wp-json\/wp\/v2\/users\/2"}],"replies":[{"embeddable":true,"href":"https:\/\/ivitalitytelehealth.com\/es\/wp-json\/wp\/v2\/comments?post=1296"}],"version-history":[{"count":5,"href":"https:\/\/ivitalitytelehealth.com\/es\/wp-json\/wp\/v2\/pages\/1296\/revisions"}],"predecessor-version":[{"id":1303,"href":"https:\/\/ivitalitytelehealth.com\/es\/wp-json\/wp\/v2\/pages\/1296\/revisions\/1303"}],"wp:attachment":[{"href":"https:\/\/ivitalitytelehealth.com\/es\/wp-json\/wp\/v2\/media?parent=1296"}],"curies":[{"name":"gracias","href":"https:\/\/api.w.org\/{rel}","templated":true}]}}